{"id":2552,"date":"2026-02-25T12:36:53","date_gmt":"2026-02-25T11:36:53","guid":{"rendered":"https:\/\/www.techno-sound.fr\/?page_id=2552"},"modified":"2026-03-06T12:36:24","modified_gmt":"2026-03-06T11:36:24","slug":"retail","status":"publish","type":"page","link":"https:\/\/www.techno-sound.fr\/en\/experience\/retail\/","title":{"rendered":"Retail"},"content":{"rendered":"<div data-elementor-type=\"wp-page\" data-elementor-id=\"2552\" class=\"elementor elementor-2552\" data-elementor-post-type=\"page\">\n\t\t\t\t<div class=\"elementor-element elementor-element-084281e e-flex e-con-boxed e-con e-parent\" data-id=\"084281e\" data-element_type=\"container\" data-e-type=\"container\" data-settings=\"{&quot;background_background&quot;:&quot;classic&quot;}\">\n\t\t\t\t\t<div class=\"e-con-inner\">\n\t\t<div class=\"elementor-element elementor-element-ee858f9 e-con-full e-flex e-con e-child\" data-id=\"ee858f9\" data-element_type=\"container\" data-e-type=\"container\">\n\t\t\t\t<div class=\"elementor-element elementor-element-e8b6657 elementor-widget elementor-widget-heading\" data-id=\"e8b6657\" data-element_type=\"widget\" data-e-type=\"widget\" data-widget_type=\"heading.default\">\n\t\t\t\t\t<span class=\"elementor-heading-title elementor-size-default\">Sound becomes staging material<\/span>\t\t\t\t<\/div>\n\t\t<div class=\"elementor-element elementor-element-499bbaa e-con-full e-flex e-con e-child\" data-id=\"499bbaa\" data-element_type=\"container\" data-e-type=\"container\">\n\t\t\t\t<div class=\"elementor-element elementor-element-2b0f87a title-main elementor-widget__width-inherit elementor-widget elementor-widget-heading\" data-id=\"2b0f87a\" data-element_type=\"widget\" data-e-type=\"widget\" data-widget_type=\"heading.default\">\n\t\t\t\t\t<span class=\"elementor-heading-title elementor-size-default\">Retail<\/span>\t\t\t\t<\/div>\n\t\t\t\t<\/div>\n\t\t<div class=\"elementor-element elementor-element-5c87454 e-con-full e-flex e-con e-child\" data-id=\"5c87454\" data-element_type=\"container\" data-e-type=\"container\">\n\t\t\t\t<div class=\"elementor-element elementor-element-345b373 elementor-widget__width-initial elementor-widget elementor-widget-text-editor\" data-id=\"345b373\" data-element_type=\"widget\" data-e-type=\"widget\" data-widget_type=\"text-editor.default\">\n\t\t\t\t\t\t\t\t\t<p>In a fashion boutique, a jewellery store or a concept store, the set design creates a world where every element - light, materials, layout - conveys the identity of the brand. Emotion is carefully orchestrated.<br \/>Discreet luxury can be seen here in the ability to create an environment where the customer feels welcomed, enveloped, understood, without any artifice showing.<\/p>\t\t\t\t\t\t\t\t<\/div>\n\t\t\t\t<div class=\"elementor-element elementor-element-9928f17 elementor-widget__width-initial elementor-widget elementor-widget-text-editor\" data-id=\"9928f17\" data-element_type=\"widget\" data-e-type=\"widget\" data-widget_type=\"text-editor.default\">\n\t\t\t\t\t\t\t\t\t<p>The sound should fulfil this promise with equal clarity. However, a poorly calibrated audio system produces saturated zones close to the sources and silence.<br \/>on the outskirts. The customer goes from a musical atmosphere to its absence in just a few steps. This rupture breaks the thread of immersion and makes the space incoherent. <br \/>Too much sound distracts attention from the product. <br \/>Sound that is too timid leaves the venue vulnerable to outside noise. In both cases, the perception of quality is eroded.<\/p>\t\t\t\t\t\t\t\t<\/div>\n\t\t\t\t<\/div>\n\t\t\t\t<\/div>\n\t\t<div class=\"elementor-element elementor-element-07fdd51 e-con-full e-flex e-con e-child\" data-id=\"07fdd51\" data-element_type=\"container\" data-e-type=\"container\">\n\t\t<div class=\"elementor-element elementor-element-e5d68ef e-con-full e-flex e-con e-child\" data-id=\"e5d68ef\" data-element_type=\"container\" data-e-type=\"container\">\n\t\t<div class=\"elementor-element elementor-element-aa292f9 e-con-full e-flex e-con e-child\" data-id=\"aa292f9\" data-element_type=\"container\" data-e-type=\"container\" data-settings=\"{&quot;background_background&quot;:&quot;classic&quot;}\">\n\t\t\t\t<\/div>\n\t\t\t\t<\/div>\n\t\t<div class=\"elementor-element elementor-element-6174293 e-con-full e-flex e-con e-child\" data-id=\"6174293\" data-element_type=\"container\" data-e-type=\"container\">\n\t\t<div class=\"elementor-element elementor-element-016ccd7 e-con-full e-flex e-con e-child\" data-id=\"016ccd7\" data-element_type=\"container\" data-e-type=\"container\">\n\t\t\t\t<div class=\"elementor-element elementor-element-4a4742e elementor-widget elementor-widget-heading\" data-id=\"4a4742e\" data-element_type=\"widget\" data-e-type=\"widget\" data-widget_type=\"heading.default\">\n\t\t\t\t\t<span class=\"elementor-heading-title elementor-size-default\">SOUND AS AN EXTENSION OF THE BRAND<\/span>\t\t\t\t<\/div>\n\t\t\t\t<div class=\"elementor-element elementor-element-9d4b47f elementor-widget__width-initial elementor-widget elementor-widget-text-editor\" data-id=\"9d4b47f\" data-element_type=\"widget\" data-e-type=\"widget\" data-widget_type=\"text-editor.default\">\n\t\t\t\t\t\t\t\t\t<p>The customer journey begins at the threshold. The atmosphere that welcomes, the emotion that retains, the comfort that prolongs the visit: it all comes down to the perception of a coherent space.<\/p><p>When a sensory environment is mastered in its entirety, it can leave a lasting impression. The right sound anchors the memory of the visit and prolongs the bond between the customer and the home.<\/p><p>Techno-Sound creates a sound ambience integrated into the surfaces of your space. Sound doesn't just show off: it draws attention, sets a rhythm and reinforces the perception of your identity. It accompanies the visitor elegantly, from the shop window to the private room.<br \/><br \/><em>\u00abIn a retail space, sound creates the conditions for an encounter <\/em><em>between the brand and those who discover it\u00bb.\u00bb<\/em><\/p>\t\t\t\t\t\t\t\t<\/div>\n\t\t\t\t<\/div>\n\t\t\t\t<\/div>\n\t\t\t\t<\/div>\n\t\t<div class=\"elementor-element elementor-element-2a691ad e-con-full e-flex e-con e-child\" data-id=\"2a691ad\" data-element_type=\"container\" data-e-type=\"container\">\n\t\t<div class=\"elementor-element elementor-element-28c3fd4 e-con-full e-flex e-con e-child\" data-id=\"28c3fd4\" data-element_type=\"container\" data-e-type=\"container\">\n\t\t<div class=\"elementor-element elementor-element-95d2112 e-con-full e-flex e-con e-child\" data-id=\"95d2112\" data-element_type=\"container\" data-e-type=\"container\" data-settings=\"{&quot;background_background&quot;:&quot;classic&quot;}\">\n\t\t\t\t<\/div>\n\t\t\t\t<\/div>\n\t\t<div class=\"elementor-element elementor-element-9585f6c e-con-full e-flex e-con e-child\" data-id=\"9585f6c\" data-element_type=\"container\" data-e-type=\"container\">\n\t\t<div class=\"elementor-element elementor-element-804f128 e-con-full e-flex e-con e-child\" data-id=\"804f128\" data-element_type=\"container\" data-e-type=\"container\">\n\t\t\t\t<div class=\"elementor-element elementor-element-bb46825 elementor-widget elementor-widget-heading\" data-id=\"bb46825\" data-element_type=\"widget\" data-e-type=\"widget\" data-widget_type=\"heading.default\">\n\t\t\t\t\t<span class=\"elementor-heading-title elementor-size-default\">PERSONALISATION DESIGNED FOR YOUR IDENTITY<\/span>\t\t\t\t<\/div>\n\t\t\t\t<div class=\"elementor-element elementor-element-82129ca elementor-widget__width-initial elementor-widget elementor-widget-text-editor\" data-id=\"82129ca\" data-element_type=\"widget\" data-e-type=\"widget\" data-widget_type=\"text-editor.default\">\n\t\t\t\t\t\t\t\t\t<p>The Totem becomes a decorative manifesto, personalised with the colours and codes of your home: cladding, logo engraving, graphic design.<br \/><br \/><\/p><p>The Mini Totem offers the same quality in an intimate format, ideal for private rooms or shop windows. In addition to sound, our products also offer fragrance diffusion. Together, sound and fragrance create a complete sensory experience, consistent across all your points of sale.<br \/><br \/><\/p><p>Offer your customers a natural immersion, an atmosphere that prolongs the pleasure of the visit and inscribes the memory of the experience. Techno-Sound puts sound at the heart of your staging.<\/p>\t\t\t\t\t\t\t\t<\/div>\n\t\t\t\t<\/div>\n\t\t\t\t<\/div>\n\t\t\t\t<\/div>\n\t\t\t\t\t<\/div>\n\t\t\t\t<\/div>\n\t\t<div class=\"elementor-element elementor-element-d93b78d e-flex e-con-boxed e-con e-parent\" data-id=\"d93b78d\" data-element_type=\"container\" data-e-type=\"container\" data-settings=\"{&quot;background_background&quot;:&quot;classic&quot;}\">\n\t\t\t\t\t<div class=\"e-con-inner\">\n\t\t<div class=\"elementor-element elementor-element-4bdabbc e-con-full animated-bg-blur e-flex e-con e-child\" data-id=\"4bdabbc\" data-element_type=\"container\" data-e-type=\"container\">\n\t\t\t\t<div class=\"elementor-element elementor-element-cee824b elementor-widget elementor-widget-heading\" data-id=\"cee824b\" data-element_type=\"widget\" data-e-type=\"widget\" data-widget_type=\"heading.default\">\n\t\t\t\t\t<span class=\"elementor-heading-title elementor-size-default\">The experience<\/span>\t\t\t\t<\/div>\n\t\t\t\t<div class=\"elementor-element elementor-element-de2f28b elementor-widget elementor-widget-text-editor\" data-id=\"de2f28b\" data-element_type=\"widget\" data-e-type=\"widget\" data-widget_type=\"text-editor.default\">\n\t\t\t\t\t\t\t\t\t<p>No visible equipment. The technology disappears so that only the experience exists.<\/p>\t\t\t\t\t\t\t\t<\/div>\n\t\t\t\t<div class=\"elementor-element elementor-element-fad4141 elementor-laptop-align-center elementor-align-center elementor-widget elementor-widget-button\" data-id=\"fad4141\" data-element_type=\"widget\" data-e-type=\"widget\" data-widget_type=\"button.default\">\n\t\t\t\t\t\t\t\t\t\t<a class=\"elementor-button elementor-button-link elementor-size-sm\" href=\"https:\/\/www.techno-sound.fr\/en\/experience\/\">\n\t\t\t\t\t\t<span class=\"elementor-button-content-wrapper\">\n\t\t\t\t\t\t\t\t\t<span class=\"elementor-button-text\">Discover<\/span>\n\t\t\t\t\t<\/span>\n\t\t\t\t\t<\/a>\n\t\t\t\t\t\t\t\t<\/div>\n\t\t\t\t<\/div>\n\t\t<div class=\"elementor-element elementor-element-110b642 e-con-full animated-bg-blur e-flex e-con e-child\" data-id=\"110b642\" data-element_type=\"container\" data-e-type=\"container\">\n\t\t\t\t<div class=\"elementor-element elementor-element-7907eac elementor-widget elementor-widget-heading\" data-id=\"7907eac\" data-element_type=\"widget\" data-e-type=\"widget\" data-widget_type=\"heading.default\">\n\t\t\t\t\t<span class=\"elementor-heading-title elementor-size-default\">The collection<\/span>\t\t\t\t<\/div>\n\t\t\t\t<div class=\"elementor-element elementor-element-809465b elementor-widget elementor-widget-text-editor\" data-id=\"809465b\" data-element_type=\"widget\" data-e-type=\"widget\" data-widget_type=\"text-editor.default\">\n\t\t\t\t\t\t\t\t\t<p>Sound is embodied in customisable objects that inhabit your space with elegance and precision.<\/p>\t\t\t\t\t\t\t\t<\/div>\n\t\t\t\t<div class=\"elementor-element elementor-element-107979f elementor-laptop-align-center elementor-align-center elementor-widget elementor-widget-button\" data-id=\"107979f\" data-element_type=\"widget\" data-e-type=\"widget\" data-widget_type=\"button.default\">\n\t\t\t\t\t\t\t\t\t\t<a class=\"elementor-button elementor-button-link elementor-size-sm\" href=\"https:\/\/www.techno-sound.fr\/en\/collection\/\">\n\t\t\t\t\t\t<span class=\"elementor-button-content-wrapper\">\n\t\t\t\t\t\t\t\t\t<span class=\"elementor-button-text\">Discover<\/span>\n\t\t\t\t\t<\/span>\n\t\t\t\t\t<\/a>\n\t\t\t\t\t\t\t\t<\/div>\n\t\t\t\t<\/div>\n\t\t\t\t\t<\/div>\n\t\t\t\t<\/div>\n\t\t\t\t<\/div>","protected":false},"excerpt":{"rendered":"<p>Le son devient mati\u00e8re de mise en sc\u00e8ne Retail Dans une boutique de mode, une joaillerie ou un concept store, la sc\u00e9nographie compose un univers o\u00f9 chaque \u00e9l\u00e9ment \u2014 lumi\u00e8re, mati\u00e8res, agencement \u2014 porte l\u2019identit\u00e9 de la marque. L\u2019\u00e9motion y est soigneusement orchestr\u00e9e.Le luxe discret se devine ici dans la capacit\u00e9 \u00e0 cr\u00e9er un environnement [&hellip;]<\/p>\n","protected":false},"author":13,"featured_media":0,"parent":144,"menu_order":0,"comment_status":"closed","ping_status":"closed","template":"","meta":{"inline_featured_image":false,"footnotes":""},"class_list":["post-2552","page","type-page","status-publish","hentry"],"_links":{"self":[{"href":"https:\/\/www.techno-sound.fr\/en\/wp-json\/wp\/v2\/pages\/2552","targetHints":{"allow":["GET"]}}],"collection":[{"href":"https:\/\/www.techno-sound.fr\/en\/wp-json\/wp\/v2\/pages"}],"about":[{"href":"https:\/\/www.techno-sound.fr\/en\/wp-json\/wp\/v2\/types\/page"}],"author":[{"embeddable":true,"href":"https:\/\/www.techno-sound.fr\/en\/wp-json\/wp\/v2\/users\/13"}],"replies":[{"embeddable":true,"href":"https:\/\/www.techno-sound.fr\/en\/wp-json\/wp\/v2\/comments?post=2552"}],"version-history":[{"count":10,"href":"https:\/\/www.techno-sound.fr\/en\/wp-json\/wp\/v2\/pages\/2552\/revisions"}],"predecessor-version":[{"id":2671,"href":"https:\/\/www.techno-sound.fr\/en\/wp-json\/wp\/v2\/pages\/2552\/revisions\/2671"}],"up":[{"embeddable":true,"href":"https:\/\/www.techno-sound.fr\/en\/wp-json\/wp\/v2\/pages\/144"}],"wp:attachment":[{"href":"https:\/\/www.techno-sound.fr\/en\/wp-json\/wp\/v2\/media?parent=2552"}],"curies":[{"name":"wp","href":"https:\/\/api.w.org\/{rel}","templated":true}]}}