{"id":2550,"date":"2026-02-25T12:34:48","date_gmt":"2026-02-25T11:34:48","guid":{"rendered":"https:\/\/www.techno-sound.fr\/?page_id=2550"},"modified":"2026-03-06T12:38:56","modified_gmt":"2026-03-06T11:38:56","slug":"wellness","status":"publish","type":"page","link":"https:\/\/www.techno-sound.fr\/en\/experience\/wellness\/","title":{"rendered":"Wellness"},"content":{"rendered":"<div data-elementor-type=\"wp-page\" data-elementor-id=\"2550\" class=\"elementor elementor-2550\" data-elementor-post-type=\"page\">\n\t\t\t\t<div class=\"elementor-element elementor-element-084281e e-flex e-con-boxed e-con e-parent\" data-id=\"084281e\" data-element_type=\"container\" data-e-type=\"container\" data-settings=\"{&quot;background_background&quot;:&quot;classic&quot;}\">\n\t\t\t\t\t<div class=\"e-con-inner\">\n\t\t<div class=\"elementor-element elementor-element-ee858f9 e-con-full e-flex e-con e-child\" data-id=\"ee858f9\" data-element_type=\"container\" data-e-type=\"container\">\n\t\t\t\t<div class=\"elementor-element elementor-element-e8b6657 elementor-widget elementor-widget-heading\" data-id=\"e8b6657\" data-element_type=\"widget\" data-e-type=\"widget\" data-widget_type=\"heading.default\">\n\t\t\t\t\t<span class=\"elementor-heading-title elementor-size-default\">The excellence of well-being can be recognised by its tranquillity<\/span>\t\t\t\t<\/div>\n\t\t<div class=\"elementor-element elementor-element-499bbaa e-con-full e-flex e-con e-child\" data-id=\"499bbaa\" data-element_type=\"container\" data-e-type=\"container\">\n\t\t\t\t<div class=\"elementor-element elementor-element-2b0f87a title-main elementor-widget__width-inherit elementor-widget elementor-widget-heading\" data-id=\"2b0f87a\" data-element_type=\"widget\" data-e-type=\"widget\" data-widget_type=\"heading.default\">\n\t\t\t\t\t<span class=\"elementor-heading-title elementor-size-default\">Wellness<\/span>\t\t\t\t<\/div>\n\t\t\t\t<\/div>\n\t\t<div class=\"elementor-element elementor-element-5c87454 e-con-full e-flex e-con e-child\" data-id=\"5c87454\" data-element_type=\"container\" data-e-type=\"container\">\n\t\t\t\t<div class=\"elementor-element elementor-element-345b373 elementor-widget__width-initial elementor-widget elementor-widget-text-editor\" data-id=\"345b373\" data-element_type=\"widget\" data-e-type=\"widget\" data-widget_type=\"text-editor.default\">\n\t\t\t\t\t\t\t\t\t<p>A spa, a massage centre, a yoga studio, a beauty clinic: these are places that promise serenity. The light is soft and the materials invite you to relax.<br \/>Touch, scent and relaxation.<\/p><p>Together, they create a setting where every stimulus contributes to a sense of calm.<\/p>\t\t\t\t\t\t\t\t<\/div>\n\t\t\t\t<div class=\"elementor-element elementor-element-9928f17 elementor-widget__width-initial elementor-widget elementor-widget-text-editor\" data-id=\"9928f17\" data-element_type=\"widget\" data-e-type=\"widget\" data-widget_type=\"text-editor.default\">\n\t\t\t\t\t\t\t\t\t<p>All too often, the sound betrays this intention. A conventional system, however discreet, introduces imbalances that the body instinctively perceives. Too much sound in a treatment room creates tension where there should be abandonment. Insufficient volume in a rest area allows outside noises - doors, voices, equipment - to filter through and break the cocoon. Uneven rendering takes you from an enveloping sound bath to naked silence in just a few metres. This rupture is all the more brutal when the place promises precisely the continuity of a soothing interlude.<\/p>\t\t\t\t\t\t\t\t<\/div>\n\t\t\t\t<\/div>\n\t\t\t\t<\/div>\n\t\t<div class=\"elementor-element elementor-element-07fdd51 e-con-full e-flex e-con e-child\" data-id=\"07fdd51\" data-element_type=\"container\" data-e-type=\"container\">\n\t\t<div class=\"elementor-element elementor-element-e5d68ef e-con-full e-flex e-con e-child\" data-id=\"e5d68ef\" data-element_type=\"container\" data-e-type=\"container\">\n\t\t<div class=\"elementor-element elementor-element-aa292f9 e-con-full e-flex e-con e-child\" data-id=\"aa292f9\" data-element_type=\"container\" data-e-type=\"container\" data-settings=\"{&quot;background_background&quot;:&quot;classic&quot;}\">\n\t\t\t\t<\/div>\n\t\t\t\t<\/div>\n\t\t<div class=\"elementor-element elementor-element-6174293 e-con-full e-flex e-con e-child\" data-id=\"6174293\" data-element_type=\"container\" data-e-type=\"container\">\n\t\t<div class=\"elementor-element elementor-element-016ccd7 e-con-full e-flex e-con e-child\" data-id=\"016ccd7\" data-element_type=\"container\" data-e-type=\"container\">\n\t\t\t\t<div class=\"elementor-element elementor-element-4a4742e elementor-widget elementor-widget-heading\" data-id=\"4a4742e\" data-element_type=\"widget\" data-e-type=\"widget\" data-widget_type=\"heading.default\">\n\t\t\t\t\t<span class=\"elementor-heading-title elementor-size-default\">THE SENSES AT THE HEART OF THE PROMISE<\/span>\t\t\t\t<\/div>\n\t\t\t\t<div class=\"elementor-element elementor-element-9d4b47f elementor-widget__width-initial elementor-widget elementor-widget-text-editor\" data-id=\"9d4b47f\" data-element_type=\"widget\" data-e-type=\"widget\" data-widget_type=\"text-editor.default\">\n\t\t\t\t\t\t\t\t\t<p>In the world of wellbeing, the sensory experience goes far beyond being a simple add-on: it carries the very essence of the promise. Customers come looking for a state - relaxation, letting go, reconnecting with themselves. Every stimulus counts.<\/p><p><br \/>The slightest inconsistency can bring you back to reality, taking you away from the interlude that the venue is committed to offering.<br \/><br \/>When properly integrated, sound extends the gentleness of a treatment, supports meditation and creates a sensory continuum from the entrance threshold to the resting area.<\/p>\t\t\t\t\t\t\t\t<\/div>\n\t\t\t\t<\/div>\n\t\t\t\t<\/div>\n\t\t\t\t<\/div>\n\t\t<div class=\"elementor-element elementor-element-2a691ad e-con-full e-flex e-con e-child\" data-id=\"2a691ad\" data-element_type=\"container\" data-e-type=\"container\">\n\t\t<div class=\"elementor-element elementor-element-28c3fd4 e-con-full e-flex e-con e-child\" data-id=\"28c3fd4\" data-element_type=\"container\" data-e-type=\"container\">\n\t\t<div class=\"elementor-element elementor-element-95d2112 e-con-full e-flex e-con e-child\" data-id=\"95d2112\" data-element_type=\"container\" data-e-type=\"container\" data-settings=\"{&quot;background_background&quot;:&quot;classic&quot;}\">\n\t\t\t\t<\/div>\n\t\t\t\t<\/div>\n\t\t<div class=\"elementor-element elementor-element-9585f6c e-con-full e-flex e-con e-child\" data-id=\"9585f6c\" data-element_type=\"container\" data-e-type=\"container\">\n\t\t<div class=\"elementor-element elementor-element-804f128 e-con-full e-flex e-con e-child\" data-id=\"804f128\" data-element_type=\"container\" data-e-type=\"container\">\n\t\t\t\t<div class=\"elementor-element elementor-element-bb46825 elementor-widget elementor-widget-heading\" data-id=\"bb46825\" data-element_type=\"widget\" data-e-type=\"widget\" data-widget_type=\"heading.default\">\n\t\t\t\t\t<span class=\"elementor-heading-title elementor-size-default\">A SOUND COCOON DESIGNED FOR EACH SPACE<\/span>\t\t\t\t<\/div>\n\t\t\t\t<div class=\"elementor-element elementor-element-82129ca elementor-widget__width-initial elementor-widget elementor-widget-text-editor\" data-id=\"82129ca\" data-element_type=\"widget\" data-e-type=\"widget\" data-widget_type=\"text-editor.default\">\n\t\t\t\t\t\t\t\t\t<p>Techno-Sound dresses your spaces in a muffled sonic presence, born of the surfaces themselves. Walls, ceilings, cubicle partitions: the material diffuses a natural, continuous sound.<\/p><p>\u00a0<\/p><p>There is nothing visible to break the harmony of the place.<\/p><p>Our sound engineer analyses your volumes, your materials, your desired ambience and calibrates each zone: a soft sound in the cabins, a lighter presence in the rest areas, a continuous envelopment in the relaxation zones. The diffusion of fragrances can complete this immersion.<\/p><p>\u00a0<\/p><p><em>\u00abThe sound envelops the listener without any discomfort and is naturally attuned. <\/em><em>to the identity of the place. For the guest, it's an invisible mastery of <\/em><em>the atmosphere.\u00bb<\/em><\/p>\t\t\t\t\t\t\t\t<\/div>\n\t\t\t\t<\/div>\n\t\t\t\t<\/div>\n\t\t\t\t<\/div>\n\t\t<div class=\"elementor-element elementor-element-c2da93e e-con-full e-flex e-con e-child\" data-id=\"c2da93e\" data-element_type=\"container\" data-e-type=\"container\">\n\t\t<div class=\"elementor-element elementor-element-4ca70d7 e-con-full e-flex e-con e-child\" data-id=\"4ca70d7\" data-element_type=\"container\" data-e-type=\"container\">\n\t\t<div class=\"elementor-element elementor-element-06fbd71 e-con-full e-flex e-con e-child\" data-id=\"06fbd71\" data-element_type=\"container\" data-e-type=\"container\" data-settings=\"{&quot;background_background&quot;:&quot;classic&quot;}\">\n\t\t\t\t<\/div>\n\t\t\t\t<\/div>\n\t\t<div class=\"elementor-element elementor-element-ff421b6 e-con-full e-flex e-con e-child\" data-id=\"ff421b6\" data-element_type=\"container\" data-e-type=\"container\">\n\t\t<div class=\"elementor-element elementor-element-8fff90d e-con-full e-flex e-con e-child\" data-id=\"8fff90d\" data-element_type=\"container\" data-e-type=\"container\">\n\t\t\t\t<div class=\"elementor-element elementor-element-e93de17 elementor-widget elementor-widget-heading\" data-id=\"e93de17\" data-element_type=\"widget\" data-e-type=\"widget\" data-widget_type=\"heading.default\">\n\t\t\t\t\t<span class=\"elementor-heading-title elementor-size-default\">FOR THE HOST<\/span>\t\t\t\t<\/div>\n\t\t\t\t<div class=\"elementor-element elementor-element-f57e953 elementor-widget__width-initial elementor-widget elementor-widget-text-editor\" data-id=\"f57e953\" data-element_type=\"widget\" data-e-type=\"widget\" data-widget_type=\"text-editor.default\">\n\t\t\t\t\t\t\t\t\t<p>Control the atmosphere with simplicity and discretion. Preserve the soul of your space without compromising on aesthetics.<br \/><br \/>Create distinct sound zones, adapted to each use. Benefit from lightweight installation, designed to blend naturally into your environment.<\/p>\t\t\t\t\t\t\t\t<\/div>\n\t\t\t\t<\/div>\n\t\t\t\t<\/div>\n\t\t\t\t<\/div>\n\t\t<div class=\"elementor-element elementor-element-a7b176b e-con-full e-flex e-con e-child\" data-id=\"a7b176b\" data-element_type=\"container\" data-e-type=\"container\">\n\t\t<div class=\"elementor-element elementor-element-359c012 e-con-full e-flex e-con e-child\" data-id=\"359c012\" data-element_type=\"container\" data-e-type=\"container\">\n\t\t<div class=\"elementor-element elementor-element-509a708 e-con-full e-flex e-con e-child\" data-id=\"509a708\" data-element_type=\"container\" data-e-type=\"container\" data-settings=\"{&quot;background_background&quot;:&quot;classic&quot;}\">\n\t\t\t\t<\/div>\n\t\t\t\t<\/div>\n\t\t<div class=\"elementor-element elementor-element-34c9d1c e-con-full e-flex e-con e-child\" data-id=\"34c9d1c\" data-element_type=\"container\" data-e-type=\"container\">\n\t\t<div class=\"elementor-element elementor-element-1f158bb e-con-full e-flex e-con e-child\" data-id=\"1f158bb\" data-element_type=\"container\" data-e-type=\"container\">\n\t\t\t\t<div class=\"elementor-element elementor-element-9a31c21 elementor-widget elementor-widget-heading\" data-id=\"9a31c21\" data-element_type=\"widget\" data-e-type=\"widget\" data-widget_type=\"heading.default\">\n\t\t\t\t\t<span class=\"elementor-heading-title elementor-size-default\">FOR YOUR CUSTOMER<\/span>\t\t\t\t<\/div>\n\t\t\t\t<div class=\"elementor-element elementor-element-4edf7a3 elementor-widget__width-initial elementor-widget elementor-widget-text-editor\" data-id=\"4edf7a3\" data-element_type=\"widget\" data-e-type=\"widget\" data-widget_type=\"text-editor.default\">\n\t\t\t\t\t\t\t\t\t<p>A sound that prolongs the serenity of a treatment.<br \/>A delicate cocoon that soothes and accompanies.<\/p><p>\u00a0<\/p><p>From independent spas to beauty clinics, from yoga studios to massage centres, Techno-Sound provides the right sound for your wellness areas.<br \/>sound that never imposes itself, but inhabits every moment with precision.<\/p>\t\t\t\t\t\t\t\t<\/div>\n\t\t\t\t<\/div>\n\t\t\t\t<\/div>\n\t\t\t\t<\/div>\n\t\t\t\t\t<\/div>\n\t\t\t\t<\/div>\n\t\t<div class=\"elementor-element elementor-element-d93b78d e-flex e-con-boxed e-con e-parent\" data-id=\"d93b78d\" data-element_type=\"container\" data-e-type=\"container\" data-settings=\"{&quot;background_background&quot;:&quot;classic&quot;}\">\n\t\t\t\t\t<div class=\"e-con-inner\">\n\t\t<div class=\"elementor-element elementor-element-4bdabbc e-con-full animated-bg-blur e-flex e-con e-child\" data-id=\"4bdabbc\" data-element_type=\"container\" data-e-type=\"container\">\n\t\t\t\t<div class=\"elementor-element elementor-element-cee824b elementor-widget elementor-widget-heading\" data-id=\"cee824b\" data-element_type=\"widget\" data-e-type=\"widget\" data-widget_type=\"heading.default\">\n\t\t\t\t\t<span class=\"elementor-heading-title elementor-size-default\">The manifesto<\/span>\t\t\t\t<\/div>\n\t\t\t\t<div class=\"elementor-element elementor-element-de2f28b elementor-widget elementor-widget-text-editor\" data-id=\"de2f28b\" data-element_type=\"widget\" data-e-type=\"widget\" data-widget_type=\"text-editor.default\">\n\t\t\t\t\t\t\t\t\t<p>Discover what has shaped our brand, from its origins to its expertise.<\/p>\t\t\t\t\t\t\t\t<\/div>\n\t\t\t\t<div class=\"elementor-element elementor-element-fad4141 elementor-laptop-align-center elementor-align-center elementor-widget elementor-widget-button\" data-id=\"fad4141\" data-element_type=\"widget\" data-e-type=\"widget\" data-widget_type=\"button.default\">\n\t\t\t\t\t\t\t\t\t\t<a class=\"elementor-button elementor-button-link elementor-size-sm\" href=\"https:\/\/www.techno-sound.fr\/en\/manifeste\/\">\n\t\t\t\t\t\t<span class=\"elementor-button-content-wrapper\">\n\t\t\t\t\t\t\t\t\t<span class=\"elementor-button-text\">Discover<\/span>\n\t\t\t\t\t<\/span>\n\t\t\t\t\t<\/a>\n\t\t\t\t\t\t\t\t<\/div>\n\t\t\t\t<\/div>\n\t\t<div class=\"elementor-element elementor-element-110b642 e-con-full animated-bg-blur e-flex e-con e-child\" data-id=\"110b642\" data-element_type=\"container\" data-e-type=\"container\">\n\t\t\t\t<div class=\"elementor-element elementor-element-7907eac elementor-widget elementor-widget-heading\" data-id=\"7907eac\" data-element_type=\"widget\" data-e-type=\"widget\" data-widget_type=\"heading.default\">\n\t\t\t\t\t<span class=\"elementor-heading-title elementor-size-default\">Our partners<\/span>\t\t\t\t<\/div>\n\t\t\t\t<div class=\"elementor-element elementor-element-809465b elementor-widget elementor-widget-text-editor\" data-id=\"809465b\" data-element_type=\"widget\" data-e-type=\"widget\" data-widget_type=\"text-editor.default\">\n\t\t\t\t\t\t\t\t\t<p>Our technology, your creations<\/p>\t\t\t\t\t\t\t\t<\/div>\n\t\t\t\t<div class=\"elementor-element elementor-element-107979f elementor-laptop-align-center elementor-align-center elementor-widget elementor-widget-button\" data-id=\"107979f\" data-element_type=\"widget\" data-e-type=\"widget\" data-widget_type=\"button.default\">\n\t\t\t\t\t\t\t\t\t\t<a class=\"elementor-button elementor-button-link elementor-size-sm\" href=\"https:\/\/www.techno-sound.fr\/en\/partenaires\/\">\n\t\t\t\t\t\t<span class=\"elementor-button-content-wrapper\">\n\t\t\t\t\t\t\t\t\t<span class=\"elementor-button-text\">Discover<\/span>\n\t\t\t\t\t<\/span>\n\t\t\t\t\t<\/a>\n\t\t\t\t\t\t\t\t<\/div>\n\t\t\t\t<\/div>\n\t\t\t\t\t<\/div>\n\t\t\t\t<\/div>\n\t\t\t\t<\/div>","protected":false},"excerpt":{"rendered":"<p>L\u2019excellence du bien-\u00eatre se reconna\u00eet \u00e0 sa qui\u00e9tude Wellness Un spa, un centre de massage, un studio de yoga, une clinique esth\u00e9tique : ces lieux portent une promesse de s\u00e9r\u00e9nit\u00e9. La lumi\u00e8re s\u2019y fait douce, les mati\u00e8res invitent autoucher, les parfums accompagnent la d\u00e9tente. L\u2019ensemble compose un \u00e9crin o\u00f9 chaque stimulus participe \u00e0 l\u2019apaisement. Le [&hellip;]<\/p>\n","protected":false},"author":13,"featured_media":0,"parent":144,"menu_order":0,"comment_status":"closed","ping_status":"closed","template":"","meta":{"inline_featured_image":false,"footnotes":""},"class_list":["post-2550","page","type-page","status-publish","hentry"],"_links":{"self":[{"href":"https:\/\/www.techno-sound.fr\/en\/wp-json\/wp\/v2\/pages\/2550","targetHints":{"allow":["GET"]}}],"collection":[{"href":"https:\/\/www.techno-sound.fr\/en\/wp-json\/wp\/v2\/pages"}],"about":[{"href":"https:\/\/www.techno-sound.fr\/en\/wp-json\/wp\/v2\/types\/page"}],"author":[{"embeddable":true,"href":"https:\/\/www.techno-sound.fr\/en\/wp-json\/wp\/v2\/users\/13"}],"replies":[{"embeddable":true,"href":"https:\/\/www.techno-sound.fr\/en\/wp-json\/wp\/v2\/comments?post=2550"}],"version-history":[{"count":22,"href":"https:\/\/www.techno-sound.fr\/en\/wp-json\/wp\/v2\/pages\/2550\/revisions"}],"predecessor-version":[{"id":2677,"href":"https:\/\/www.techno-sound.fr\/en\/wp-json\/wp\/v2\/pages\/2550\/revisions\/2677"}],"up":[{"embeddable":true,"href":"https:\/\/www.techno-sound.fr\/en\/wp-json\/wp\/v2\/pages\/144"}],"wp:attachment":[{"href":"https:\/\/www.techno-sound.fr\/en\/wp-json\/wp\/v2\/media?parent=2550"}],"curies":[{"name":"wp","href":"https:\/\/api.w.org\/{rel}","templated":true}]}}