{"id":1896,"date":"2026-02-05T10:19:43","date_gmt":"2026-02-05T09:19:43","guid":{"rendered":"https:\/\/www.techno-sound.fr\/?page_id=1896"},"modified":"2026-02-12T11:28:48","modified_gmt":"2026-02-12T10:28:48","slug":"legal-information","status":"publish","type":"page","link":"https:\/\/www.techno-sound.fr\/en\/mentions-legales\/","title":{"rendered":"Legal information"},"content":{"rendered":"<div data-elementor-type=\"wp-page\" data-elementor-id=\"1896\" class=\"elementor elementor-1896\" data-elementor-post-type=\"page\">\n\t\t\t\t<div class=\"elementor-element elementor-element-6a85503 e-flex e-con-boxed e-con e-parent\" data-id=\"6a85503\" data-element_type=\"container\" data-e-type=\"container\" data-settings=\"{&quot;background_background&quot;:&quot;classic&quot;}\">\n\t\t\t\t\t<div class=\"e-con-inner\">\n\t\t<div class=\"elementor-element elementor-element-dcdb99f e-con-full e-flex e-con e-child\" data-id=\"dcdb99f\" data-element_type=\"container\" data-e-type=\"container\">\n\t\t\t\t<div class=\"elementor-element elementor-element-a61af52 elementor-widget elementor-widget-heading\" data-id=\"a61af52\" data-element_type=\"widget\" data-e-type=\"widget\" data-widget_type=\"heading.default\">\n\t\t\t\t\t<h1 class=\"elementor-heading-title elementor-size-default\">Legal information<\/h1>\t\t\t\t<\/div>\n\t\t\t\t<\/div>\n\t\t\t\t<div class=\"elementor-element elementor-element-7880f31 elementor-widget elementor-widget-text-editor\" data-id=\"7880f31\" data-element_type=\"widget\" data-e-type=\"widget\" data-widget_type=\"text-editor.default\">\n\t\t\t\t\t\t\t\t\t<p>Company name: SAS AZTECH<\/p><p>Share capital: \u20ac5,000<\/p><p>Intracommunity VAT: FR25891206484<\/p><p>RCS: 893 304 956 RCS Lyon<\/p><p>Registered office: 1 Impasse du Pivolet 69630 Chaponost<br \/>Email : hello@techno-sound.fr<\/p><p>\u00a0<\/p><p>\u00a0<\/p><ol><li>Purpose of the site<\/li><\/ol><p>The Techno-Sound website is dedicated to promoting the establishment, providing information and collecting personal data for the purposes of booking and managing customer relations.<\/p><p>\u00a0<\/p><p>Liability<\/p><p>Publication manager: Rodolphe Aubin<\/p><p>Editorial manager: Rodolphe Aubin<\/p><p>Webmaster, design, editing, hosting: Eliophot + Hetzner Online GmbH - Industriestr. 25 - 91710 Gunzenhausen - Deutschland\u00a0<\/p><p>\u00a0<\/p><p>\u00a0<\/p><ol start=\"2\"><li>Collection of personal data<\/li><\/ol><p>Techno-Sound's website is dedicated to presenting its made-to-measure solutions, informing visitors and collecting the data needed to process requests (contact, quotes, appointments) and monitor customer relations.<\/p><p>In accordance with the French Data Protection Act, this site has been registered with the Commission Nationale Informatique et Libert\u00e9s (CNIL). You have the right to access, modify, rectify and delete any personal data concerning you. To exercise this right, please contact us at the following address: hello@techno-sound.fr<\/p><p>\u00a0<\/p><p>\u00a0<\/p><ol start=\"3\"><li>Intellectual property<\/li><\/ol><p>All information, content, logos, texts, images and other elements on the site are protected by French legislation and international conventions on intellectual property.<\/p><p>Any reproduction, distribution or modification, in whole or in part, without the prior authorisation of Techno-Sound, is strictly prohibited, except for private or family use.<\/p><p>\u00a0<\/p><p>\u00a0<\/p><ol start=\"4\"><li>Disputes and mediation<\/li><\/ol><p>In the event of a dispute, please contact our customer service department to try to resolve the problem amicably.<\/p><p>If no amicable solution is found, the consumer may refer the matter free of charge to a consumer mediator, namely the Association of European Mediators (AME CONSO), within one (1) year of the written complaint sent to the Hotel.<\/p><p>You can refer the matter to the Ombudsman:<\/p><p>Online, using the form available on the website: www.mediationconso-ame.com<\/p><p>By post, to the following address<\/p><p>AME CONSO - 11 place Dauphine - 75001 PARIS<\/p><p>\u00a0<\/p><p>\u00a0<\/p><ol start=\"5\"><li>Applicable law and online dispute resolution<\/li><\/ol><p>In accordance with Article 14 of Regulation (EU) No 524\/2013, the European Commission provides an online dispute resolution (ODR) platform. You can access it via the following link:<\/p><p>\ud83d\udc49 https:\/\/ec.europa.eu\/consumers\/odr\/<\/p><p>\u00a0<\/p><p>\u00a0<\/p><p>\u00a06 Limited liability of the publisher<\/p><p>The site publisher provides users with information and tools that it considers reliable. However, it cannot be held responsible for errors, the unavailability of functions or the presence of viruses on the site.<\/p><p>The information on this site is provided for information purposes only and should not be used as a substitute for personal advice. Under no circumstances does the publisher guarantee the accuracy, completeness or topicality of this information.<\/p><p>In addition, the site may contain links to third-party sites. The publisher accepts no responsibility for the content of these sites and cannot be held liable for any direct or indirect damage resulting from their use.<\/p><p>You can oppose telephone canvassing by registering free of charge on the Bloctel list:\u00a0<a href=\"https:\/\/www.bloctel.gouv.fr\/\" rel=\"nofollow noopener\" target=\"_blank\">https:\/\/www.bloctel.gouv.fr<\/a>. We respect the Bloctel list and undertake not to contact you if you are on it.<\/p>\t\t\t\t\t\t\t\t<\/div>\n\t\t\t\t\t<\/div>\n\t\t\t\t<\/div>\n\t\t\t\t<\/div>","protected":false},"excerpt":{"rendered":"<p>Mentions l\u00e9gales Raison sociale : SAS AZTECH Capital social : 5 000 \u20ac TVA intracommunautaire : FR25891206484 RCS : 893 304 956 RCS Lyon Si\u00e8ge social : 1 Impasse du Pivolet 69630 ChaponostEmail : hello@techno-sound.fr \u00a0 \u00a0 Objet du site Le site internet de Techno-Sound est d\u00e9di\u00e9 \u00e0 la promotion de l\u2019\u00e9tablissement, \u00e0 la fourniture [&hellip;]<\/p>\n","protected":false},"author":13,"featured_media":0,"parent":0,"menu_order":0,"comment_status":"closed","ping_status":"closed","template":"","meta":{"inline_featured_image":false,"footnotes":""},"class_list":["post-1896","page","type-page","status-publish","hentry"],"_links":{"self":[{"href":"https:\/\/www.techno-sound.fr\/en\/wp-json\/wp\/v2\/pages\/1896","targetHints":{"allow":["GET"]}}],"collection":[{"href":"https:\/\/www.techno-sound.fr\/en\/wp-json\/wp\/v2\/pages"}],"about":[{"href":"https:\/\/www.techno-sound.fr\/en\/wp-json\/wp\/v2\/types\/page"}],"author":[{"embeddable":true,"href":"https:\/\/www.techno-sound.fr\/en\/wp-json\/wp\/v2\/users\/13"}],"replies":[{"embeddable":true,"href":"https:\/\/www.techno-sound.fr\/en\/wp-json\/wp\/v2\/comments?post=1896"}],"version-history":[{"count":19,"href":"https:\/\/www.techno-sound.fr\/en\/wp-json\/wp\/v2\/pages\/1896\/revisions"}],"predecessor-version":[{"id":2365,"href":"https:\/\/www.techno-sound.fr\/en\/wp-json\/wp\/v2\/pages\/1896\/revisions\/2365"}],"wp:attachment":[{"href":"https:\/\/www.techno-sound.fr\/en\/wp-json\/wp\/v2\/media?parent=1896"}],"curies":[{"name":"wp","href":"https:\/\/api.w.org\/{rel}","templated":true}]}}