{"id":1894,"date":"2026-02-05T10:19:26","date_gmt":"2026-02-05T09:19:26","guid":{"rendered":"https:\/\/www.techno-sound.fr\/?page_id=1894"},"modified":"2026-02-05T18:42:07","modified_gmt":"2026-02-05T17:42:07","slug":"privacy-policy","status":"publish","type":"page","link":"https:\/\/www.techno-sound.fr\/en\/politique-de-vie-privee\/","title":{"rendered":"Privacy policy"},"content":{"rendered":"<div data-elementor-type=\"wp-page\" data-elementor-id=\"1894\" class=\"elementor elementor-1894\" data-elementor-post-type=\"page\">\n\t\t\t\t<div class=\"elementor-element elementor-element-ae52a50 e-flex e-con-boxed e-con e-parent\" data-id=\"ae52a50\" data-element_type=\"container\" data-e-type=\"container\" data-settings=\"{&quot;background_background&quot;:&quot;classic&quot;}\">\n\t\t\t\t\t<div class=\"e-con-inner\">\n\t\t<div class=\"elementor-element elementor-element-f23796d e-con-full e-flex e-con e-child\" data-id=\"f23796d\" data-element_type=\"container\" data-e-type=\"container\">\n\t\t\t\t<div class=\"elementor-element elementor-element-964fc9a elementor-widget elementor-widget-heading\" data-id=\"964fc9a\" data-element_type=\"widget\" data-e-type=\"widget\" data-widget_type=\"heading.default\">\n\t\t\t\t\t<h1 class=\"elementor-heading-title elementor-size-default\">Privacy policy<\/h1>\t\t\t\t<\/div>\n\t\t\t\t<\/div>\n\t\t\t\t<div class=\"elementor-element elementor-element-1c59211 elementor-widget elementor-widget-text-editor\" data-id=\"1c59211\" data-element_type=\"widget\" data-e-type=\"widget\" data-widget_type=\"text-editor.default\">\n\t\t\t\t\t\t\t\t\t<p>Protecting your personal information<\/p><p>\u00a0<\/p><p>\u00a0<\/p><p>We are delighted to welcome you to our website and we understand the importance of protecting your personal information. We are committed to respecting your right to privacy and data protection. This policy explains what types of personal information we collect, how we use it and when we may disclose it. By using our site, you consent to the processing of your personal information in accordance with this privacy policy.<\/p><p>\u00a0<\/p><p>\u00a0<\/p><ol><li>Collection of personal information<\/li><\/ol><p>When booking with our hotel, you will be asked to provide certain personal information, such as your name, email address, home address, date of birth, telephone numbers, booking details and event information. This information is necessary to complete the transaction, make reservations and provide you with a personalised service.<\/p><p>\u00a0<\/p><p>In addition, certain information is collected to process payments, such as credit card numbers. It is important to note that it is not safe to transmit this information via email, SMS or social networks.<\/p><p>\u00a0<\/p><p>\u00a0<\/p><ol start=\"2\"><li>Use of information<\/li><\/ol><p>The information you provide allows us to :<\/p><p>Identify you and contact you if necessary.<\/p><p>Personalise our service to meet your expectations as closely as possible.<\/p><p>To carry out market research in order to improve our services, our website and our promotional activities.<\/p><p>\u00a0<\/p><p>When you make your reservation, you also authorise us to add your email address to our mailing list in order to send you commercial offers. You can access, modify or delete your personal information at any time. If you no longer wish to receive our communications, you can click on the \u00abUnsubscribe\u00bb link in our emails or contact us directly at the following address: hello@techno-sound.fr<\/p><p>\u00a0<\/p><p>\u00a0<\/p><ol start=\"3\"><li>Cookies and social media widgets<\/li><\/ol><p>To improve your experience on our site and optimise navigation, we use cookies and conversion tags. These technologies collect standard information, such as your IP address, browser type, browser language and the sites you visited before coming to our site. This information helps us to analyse trends and improve the effectiveness of the site.<\/p><p>\u00a0<\/p><p>We use the Axeptio solution to manage your consent to cookies. On your first visit, a consent banner will be displayed and you will be able to choose to accept or refuse the use of non-essential cookies. You can also personalise your preferences and manage your cookies at any time via the Axeptio icon on our site.<\/p><p>\u00a0<\/p><p>Cookies that are necessary for the site to function properly cannot be deactivated, while you can deactivate other types of cookies if you wish.<\/p><p>\u00a0<\/p><p>\u00a0<\/p><ol start=\"4\"><li>Data security<\/li><\/ol><p>We implement security measures to protect your personal information against unauthorised access, modification or disclosure. However, no method of electronic transmission or storage is completely secure. We therefore advise you to take all necessary precautions to protect your personal data.<\/p><p>\u00a0<\/p><p>\u00a0<\/p><ol start=\"5\"><li>Changes to the privacy policy<\/li><\/ol><p>We reserve the right to modify this privacy policy at any time. Any changes will be published on this page with an update date. We encourage you to consult this page regularly to stay informed of any changes.<\/p><p>\u00a0<\/p><p>\u00a0<\/p><ol start=\"6\"><li>Contact<\/li><\/ol><p>If you have any questions or concerns about our privacy policy, please do not hesitate to contact us at the following address: hello@techno-sound.fr<\/p>\t\t\t\t\t\t\t\t<\/div>\n\t\t\t\t\t<\/div>\n\t\t\t\t<\/div>\n\t\t\t\t<\/div>","protected":false},"excerpt":{"rendered":"<p>Politique de vie priv\u00e9e La protection de vos renseignements personnels \u00a0 \u00a0 Nous sommes ravis de vous accueillir sur notre site internet et nous comprenons l\u2019importance de prot\u00e9ger vos informations personnelles. Nous nous engageons \u00e0 respecter votre droit \u00e0 la confidentialit\u00e9 et \u00e0 la protection de vos donn\u00e9es. Cette politique explique quels types de renseignements [&hellip;]<\/p>\n","protected":false},"author":13,"featured_media":0,"parent":0,"menu_order":0,"comment_status":"closed","ping_status":"closed","template":"","meta":{"inline_featured_image":false,"footnotes":""},"class_list":["post-1894","page","type-page","status-publish","hentry"],"_links":{"self":[{"href":"https:\/\/www.techno-sound.fr\/en\/wp-json\/wp\/v2\/pages\/1894","targetHints":{"allow":["GET"]}}],"collection":[{"href":"https:\/\/www.techno-sound.fr\/en\/wp-json\/wp\/v2\/pages"}],"about":[{"href":"https:\/\/www.techno-sound.fr\/en\/wp-json\/wp\/v2\/types\/page"}],"author":[{"embeddable":true,"href":"https:\/\/www.techno-sound.fr\/en\/wp-json\/wp\/v2\/users\/13"}],"replies":[{"embeddable":true,"href":"https:\/\/www.techno-sound.fr\/en\/wp-json\/wp\/v2\/comments?post=1894"}],"version-history":[{"count":8,"href":"https:\/\/www.techno-sound.fr\/en\/wp-json\/wp\/v2\/pages\/1894\/revisions"}],"predecessor-version":[{"id":2224,"href":"https:\/\/www.techno-sound.fr\/en\/wp-json\/wp\/v2\/pages\/1894\/revisions\/2224"}],"wp:attachment":[{"href":"https:\/\/www.techno-sound.fr\/en\/wp-json\/wp\/v2\/media?parent=1894"}],"curies":[{"name":"wp","href":"https:\/\/api.w.org\/{rel}","templated":true}]}}